{"id":5193,"date":"2025-07-10T11:58:46","date_gmt":"2025-07-10T09:58:46","guid":{"rendered":"https:\/\/www.maacks.com\/?page_id=5193"},"modified":"2025-07-10T13:43:06","modified_gmt":"2025-07-10T11:43:06","slug":"vision-og-mission","status":"publish","type":"page","link":"https:\/\/www.maacks.com\/en\/vision-og-mission\/","title":{"rendered":"Vision and mission"},"content":{"rendered":"<div data-elementor-type=\"wp-page\" data-elementor-id=\"5193\" class=\"elementor elementor-5193\" data-elementor-post-type=\"page\">\n\t\t\t\t\t\t<section class=\"elementor-section elementor-top-section elementor-element elementor-element-910a398 elementor-section-height-min-height section elementor-section-stretched elementor-section-full_width elementor-section-content-middle elementor-section-height-default elementor-section-items-middle\" data-id=\"910a398\" data-element_type=\"section\" data-e-type=\"section\" data-settings=\"{&quot;background_background&quot;:&quot;classic&quot;,&quot;stretch_section&quot;:&quot;section-stretched&quot;}\">\n\t\t\t\t\t\t\t<div class=\"elementor-background-overlay\"><\/div>\n\t\t\t\t\t\t\t<div class=\"elementor-container elementor-column-gap-default\">\n\t\t\t\t\t<div class=\"elementor-column elementor-col-100 elementor-top-column elementor-element elementor-element-b777d1f\" data-id=\"b777d1f\" data-element_type=\"column\" data-e-type=\"column\">\n\t\t\t<div class=\"elementor-widget-wrap elementor-element-populated\">\n\t\t\t\t\t\t<div class=\"elementor-element elementor-element-37ef902 elementor-widget__width-initial elementor-widget elementor-widget-heading\" data-id=\"37ef902\" data-element_type=\"widget\" data-e-type=\"widget\" data-widget_type=\"heading.default\">\n\t\t\t\t<div class=\"elementor-widget-container\">\n\t\t\t\t\t<h1 class=\"elementor-heading-title elementor-size-default\">Vision and mission<\/h1>\t\t\t\t<\/div>\n\t\t\t\t<\/div>\n\t\t\t\t\t<\/div>\n\t\t<\/div>\n\t\t\t\t\t<\/div>\n\t\t<\/section>\n\t\t<div class=\"elementor-element elementor-element-e68e508 e-flex e-con-boxed e-con e-parent\" data-id=\"e68e508\" data-element_type=\"container\" data-e-type=\"container\">\n\t\t\t\t\t<div class=\"e-con-inner\">\n\t\t\t\t<div class=\"elementor-element elementor-element-a95f3cb elementor-widget elementor-widget-spacer\" data-id=\"a95f3cb\" data-element_type=\"widget\" data-e-type=\"widget\" data-widget_type=\"spacer.default\">\n\t\t\t\t<div class=\"elementor-widget-container\">\n\t\t\t\t\t\t\t<div class=\"elementor-spacer\">\n\t\t\t<div class=\"elementor-spacer-inner\"><\/div>\n\t\t<\/div>\n\t\t\t\t\t\t<\/div>\n\t\t\t\t<\/div>\n\t\t\t\t\t<\/div>\n\t\t\t\t<\/div>\n\t\t<div class=\"elementor-element elementor-element-31f1211 e-flex e-con-boxed e-con e-parent\" data-id=\"31f1211\" data-element_type=\"container\" data-e-type=\"container\">\n\t\t\t\t\t<div class=\"e-con-inner\">\n\t\t\t\t<div class=\"elementor-element elementor-element-d23a274 elementor-widget elementor-widget-heading\" data-id=\"d23a274\" data-element_type=\"widget\" data-e-type=\"widget\" data-widget_type=\"heading.default\">\n\t\t\t\t<div class=\"elementor-widget-container\">\n\t\t\t\t\t<h2 class=\"elementor-heading-title elementor-size-default\">Vision<\/h2>\t\t\t\t<\/div>\n\t\t\t\t<\/div>\n\t\t\t\t<div class=\"elementor-element elementor-element-e813f2f elementor-widget elementor-widget-text-editor\" data-id=\"e813f2f\" data-element_type=\"widget\" data-e-type=\"widget\" data-widget_type=\"text-editor.default\">\n\t\t\t\t<div class=\"elementor-widget-container\">\n\t\t\t\t\t\t\t\t\t<p>We believe that the key to a more sustainable future lies in harnessing the potential of technology to optimise and revolutionise the way we handle waste. Therefore, we aim to contribute to environmental improvement through the intelligent use of data and information in waste management.<\/p>\t\t\t\t\t\t\t\t<\/div>\n\t\t\t\t<\/div>\n\t\t\t\t\t<\/div>\n\t\t\t\t<\/div>\n\t\t<div class=\"elementor-element elementor-element-f657b02 e-flex e-con-boxed e-con e-parent\" data-id=\"f657b02\" data-element_type=\"container\" data-e-type=\"container\">\n\t\t\t\t\t<div class=\"e-con-inner\">\n\t\t\t\t<div class=\"elementor-element elementor-element-c0957a0 elementor-widget elementor-widget-spacer\" data-id=\"c0957a0\" data-element_type=\"widget\" data-e-type=\"widget\" data-widget_type=\"spacer.default\">\n\t\t\t\t<div class=\"elementor-widget-container\">\n\t\t\t\t\t\t\t<div class=\"elementor-spacer\">\n\t\t\t<div class=\"elementor-spacer-inner\"><\/div>\n\t\t<\/div>\n\t\t\t\t\t\t<\/div>\n\t\t\t\t<\/div>\n\t\t\t\t\t<\/div>\n\t\t\t\t<\/div>\n\t\t<div class=\"elementor-element elementor-element-4e30001 e-flex e-con-boxed e-con e-parent\" data-id=\"4e30001\" data-element_type=\"container\" data-e-type=\"container\">\n\t\t\t\t\t<div class=\"e-con-inner\">\n\t\t\t\t<div class=\"elementor-element elementor-element-66b73db elementor-widget elementor-widget-heading\" data-id=\"66b73db\" data-element_type=\"widget\" data-e-type=\"widget\" data-widget_type=\"heading.default\">\n\t\t\t\t<div class=\"elementor-widget-container\">\n\t\t\t\t\t<h2 class=\"elementor-heading-title elementor-size-default\">Mission<\/h2>\t\t\t\t<\/div>\n\t\t\t\t<\/div>\n\t\t\t\t<div class=\"elementor-element elementor-element-b105dbd elementor-widget elementor-widget-text-editor\" data-id=\"b105dbd\" data-element_type=\"widget\" data-e-type=\"widget\" data-widget_type=\"text-editor.default\">\n\t\t\t\t<div class=\"elementor-widget-container\">\n\t\t\t\t\t\t\t\t\t<p>Our mission is to develop a technology platform that both reduces our customers' operational costs and contributes to environmental improvement.<\/p><p><!-- \/wp:paragraph --><!-- wp:paragraph --><\/p><p>We are dedicated to providing innovative solutions that combine economic efficiency with environmental responsibility, thereby strengthening our customers' ability to operate effectively and more sustainably.<\/p>\t\t\t\t\t\t\t\t<\/div>\n\t\t\t\t<\/div>\n\t\t\t\t\t<\/div>\n\t\t\t\t<\/div>\n\t\t<div class=\"elementor-element elementor-element-8d7563a e-flex e-con-boxed e-con e-parent\" data-id=\"8d7563a\" data-element_type=\"container\" data-e-type=\"container\">\n\t\t\t\t\t<div class=\"e-con-inner\">\n\t\t\t\t<div class=\"elementor-element elementor-element-b5e8293 elementor-widget elementor-widget-spacer\" data-id=\"b5e8293\" data-element_type=\"widget\" data-e-type=\"widget\" data-widget_type=\"spacer.default\">\n\t\t\t\t<div class=\"elementor-widget-container\">\n\t\t\t\t\t\t\t<div class=\"elementor-spacer\">\n\t\t\t<div class=\"elementor-spacer-inner\"><\/div>\n\t\t<\/div>\n\t\t\t\t\t\t<\/div>\n\t\t\t\t<\/div>\n\t\t\t\t\t<\/div>\n\t\t\t\t<\/div>\n\t\t<div class=\"elementor-element elementor-element-eb59913 e-flex e-con-boxed e-con e-parent\" data-id=\"eb59913\" data-element_type=\"container\" data-e-type=\"container\">\n\t\t\t\t\t<div class=\"e-con-inner\">\n\t\t\t\t<div class=\"elementor-element elementor-element-40d2bfd elementor-widget elementor-widget-heading\" data-id=\"40d2bfd\" data-element_type=\"widget\" data-e-type=\"widget\" data-widget_type=\"heading.default\">\n\t\t\t\t<div class=\"elementor-widget-container\">\n\t\t\t\t\t<h2 class=\"elementor-heading-title elementor-size-default\">Opinions<\/h2>\t\t\t\t<\/div>\n\t\t\t\t<\/div>\n\t\t\t\t<div class=\"elementor-element elementor-element-1a3f666 elementor-widget elementor-widget-text-editor\" data-id=\"1a3f666\" data-element_type=\"widget\" data-e-type=\"widget\" data-widget_type=\"text-editor.default\">\n\t\t\t\t<div class=\"elementor-widget-container\">\n\t\t\t\t\t\t\t\t\t<p><strong>Transparency creates a better environment<\/strong><\/p><p>Our commitment to transparency supports our vision of improving the environment through the intelligent and transparent use of collected data and information. This ensures that environmental benefits are not just theoretical, but practically achievable and measurable. At the same time, our customers' future decisions will be made on the basis of real data.<\/p><p>We believe that by being open and transparent in our processes and results, we can build trust with our customers and partners, which is essential for creating lasting and effective environmental improvements.<\/p><p>\u00a0<\/p><p><strong>Waste and recycling are resources<\/strong><\/p><p>We consider waste and recycling a valuable resource. This approach is deeply integrated into our work, and we believe that increased awareness and understanding of waste management will lead to more effective recycling practices, more accurate waste disposal from households, and thus a general reduction in waste generation.<\/p><p>We recognise that the proper handling and recycling of waste materials is critical to the health of the environment and our shared future. By considering waste as a resource, we focus on developing solutions that maximise optimisation potential, helping us work towards a cleaner and more sustainable environment.<\/p><p>\u00a0<\/p><p><strong>Quality over quantity<\/strong><\/p><p>Quality over quantity is a core philosophy in our business that underpins our vision of improving the environment through intelligent waste management. This approach ensures that we develop solutions that are not only cost-effective but also sustainable and robust. We prioritise long-term value and sustainability in our products and services, which resonates with our mission to create an environmentally friendly and cost-effective technology platform for our customers.<\/p>\t\t\t\t\t\t\t\t<\/div>\n\t\t\t\t<\/div>\n\t\t\t\t\t<\/div>\n\t\t\t\t<\/div>\n\t\t<div class=\"elementor-element elementor-element-1fb98e6 e-flex e-con-boxed e-con e-parent\" data-id=\"1fb98e6\" data-element_type=\"container\" data-e-type=\"container\">\n\t\t\t\t\t<div class=\"e-con-inner\">\n\t\t\t\t<div class=\"elementor-element elementor-element-cf3c97b elementor-widget elementor-widget-spacer\" data-id=\"cf3c97b\" data-element_type=\"widget\" data-e-type=\"widget\" data-widget_type=\"spacer.default\">\n\t\t\t\t<div class=\"elementor-widget-container\">\n\t\t\t\t\t\t\t<div class=\"elementor-spacer\">\n\t\t\t<div class=\"elementor-spacer-inner\"><\/div>\n\t\t<\/div>\n\t\t\t\t\t\t<\/div>\n\t\t\t\t<\/div>\n\t\t\t\t\t<\/div>\n\t\t\t\t<\/div>\n\t\t\t\t<\/div>","protected":false},"excerpt":{"rendered":"<p>Vision og mission Vision Vi tror, at n\u00f8glen til en mere b\u00e6redygtig fremtid ligger i at udnytte teknologiens potentiale til at optimere og revolutionere m\u00e5den, hvorp\u00e5 vi h\u00e5ndterer affald. Vi vil derfor hj\u00e6lpe med at forbedre milj\u00f8et gennem intelligent brug af data og information inden for affaldsh\u00e5ndtering. Mission Vores mission er at udvikle en teknologiplatform, [&hellip;]<\/p>\n","protected":false},"author":4,"featured_media":0,"parent":0,"menu_order":0,"comment_status":"closed","ping_status":"closed","template":"","meta":{"footnotes":""},"class_list":["post-5193","page","type-page","status-publish","hentry"],"_links":{"self":[{"href":"https:\/\/www.maacks.com\/en\/wp-json\/wp\/v2\/pages\/5193","targetHints":{"allow":["GET"]}}],"collection":[{"href":"https:\/\/www.maacks.com\/en\/wp-json\/wp\/v2\/pages"}],"about":[{"href":"https:\/\/www.maacks.com\/en\/wp-json\/wp\/v2\/types\/page"}],"author":[{"embeddable":true,"href":"https:\/\/www.maacks.com\/en\/wp-json\/wp\/v2\/users\/4"}],"replies":[{"embeddable":true,"href":"https:\/\/www.maacks.com\/en\/wp-json\/wp\/v2\/comments?post=5193"}],"version-history":[{"count":0,"href":"https:\/\/www.maacks.com\/en\/wp-json\/wp\/v2\/pages\/5193\/revisions"}],"wp:attachment":[{"href":"https:\/\/www.maacks.com\/en\/wp-json\/wp\/v2\/media?parent=5193"}],"curies":[{"name":"wp","href":"https:\/\/api.w.org\/{rel}","templated":true}]}}