{"id":5161,"date":"2025-07-10T09:57:01","date_gmt":"2025-07-10T07:57:01","guid":{"rendered":"https:\/\/www.maacks.com\/?page_id=5161"},"modified":"2025-07-10T13:46:19","modified_gmt":"2025-07-10T11:46:19","slug":"om-os","status":"publish","type":"page","link":"https:\/\/www.maacks.com\/en\/om-os\/","title":{"rendered":"About us"},"content":{"rendered":"<div data-elementor-type=\"wp-page\" data-elementor-id=\"5161\" class=\"elementor elementor-5161\" data-elementor-post-type=\"page\">\n\t\t\t\t<div class=\"elementor-element elementor-element-968f51d e-flex e-con-boxed e-con e-parent\" data-id=\"968f51d\" data-element_type=\"container\" data-e-type=\"container\" data-settings=\"{&quot;background_background&quot;:&quot;classic&quot;}\">\n\t\t\t\t\t<div class=\"e-con-inner\">\n\t\t\t\t<div class=\"elementor-element elementor-element-2f2a893 elementor-widget elementor-widget-heading\" data-id=\"2f2a893\" data-element_type=\"widget\" data-e-type=\"widget\" data-widget_type=\"heading.default\">\n\t\t\t\t<div class=\"elementor-widget-container\">\n\t\t\t\t\t<h1 class=\"elementor-heading-title elementor-size-default\">About us<\/h1>\t\t\t\t<\/div>\n\t\t\t\t<\/div>\n\t\t\t\t\t<\/div>\n\t\t\t\t<\/div>\n\t\t<div class=\"elementor-element elementor-element-694573d e-flex e-con-boxed e-con e-parent\" data-id=\"694573d\" data-element_type=\"container\" data-e-type=\"container\">\n\t\t\t\t\t<div class=\"e-con-inner\">\n\t\t\t\t<div class=\"elementor-element elementor-element-6732be9 elementor-widget elementor-widget-spacer\" data-id=\"6732be9\" data-element_type=\"widget\" data-e-type=\"widget\" data-widget_type=\"spacer.default\">\n\t\t\t\t<div class=\"elementor-widget-container\">\n\t\t\t\t\t\t\t<div class=\"elementor-spacer\">\n\t\t\t<div class=\"elementor-spacer-inner\"><\/div>\n\t\t<\/div>\n\t\t\t\t\t\t<\/div>\n\t\t\t\t<\/div>\n\t\t\t\t\t<\/div>\n\t\t\t\t<\/div>\n\t\t<div class=\"elementor-element elementor-element-efd3c68 e-flex e-con-boxed e-con e-parent\" data-id=\"efd3c68\" data-element_type=\"container\" data-e-type=\"container\">\n\t\t\t\t\t<div class=\"e-con-inner\">\n\t\t\t\t<div class=\"elementor-element elementor-element-b1c09e6 elementor-widget elementor-widget-heading\" data-id=\"b1c09e6\" data-element_type=\"widget\" data-e-type=\"widget\" data-widget_type=\"heading.default\">\n\t\t\t\t<div class=\"elementor-widget-container\">\n\t\t\t\t\t<h2 class=\"elementor-heading-title elementor-size-default\">Meet the team behind Maacks<\/h2>\t\t\t\t<\/div>\n\t\t\t\t<\/div>\n\t\t\t\t\t<\/div>\n\t\t\t\t<\/div>\n\t\t<div class=\"elementor-element elementor-element-79da4d4 e-flex e-con-boxed e-con e-parent\" data-id=\"79da4d4\" data-element_type=\"container\" data-e-type=\"container\">\n\t\t\t\t\t<div class=\"e-con-inner\">\n\t\t\t\t<div class=\"elementor-element elementor-element-b8898cf elementor-widget elementor-widget-text-editor\" data-id=\"b8898cf\" data-element_type=\"widget\" data-e-type=\"widget\" data-widget_type=\"text-editor.default\">\n\t\t\t\t<div class=\"elementor-widget-container\">\n\t\t\t\t\t\t\t\t\t<p>We are a passionate team dedicated to making a difference for the environment through smart waste management. For us, it's not just about running a business, but also about making a positive impact on our society and climate.<\/p><p>Our journey began with a vision to revolutionise the waste industry and create more sustainable solutions. With a focus on innovation and technology, we have developed advanced waste management systems and sensors for municipalities, utility companies, and other customers that not only reduce the number of service routes but also optimise resource usage and minimise environmental impact.<\/p><p>Today, we face one of the greatest challenges of our time: the increasing amount of waste threatening our environment and the sustainability of our society. Every day, we produce vast amounts of waste that burden our waste systems, pollute our atmosphere, soil, and waterways, and endanger biodiversity.<\/p><p>On our pages, we share not only our history but also our passion for making a difference. Whether through our innovative solutions or our engagement in the community, our dedicated team always strives to lead the fight against waste and towards a more sustainable future.<\/p><p>Let's work together to create a world where waste becomes resources, and where our actions make a positive difference!<\/p><p>\u00a0<\/p><p>Welcome to Maacks.<\/p>\t\t\t\t\t\t\t\t<\/div>\n\t\t\t\t<\/div>\n\t\t\t\t<div class=\"elementor-element elementor-element-595d8b6 elementor-widget elementor-widget-spacer\" data-id=\"595d8b6\" data-element_type=\"widget\" data-e-type=\"widget\" data-widget_type=\"spacer.default\">\n\t\t\t\t<div class=\"elementor-widget-container\">\n\t\t\t\t\t\t\t<div class=\"elementor-spacer\">\n\t\t\t<div class=\"elementor-spacer-inner\"><\/div>\n\t\t<\/div>\n\t\t\t\t\t\t<\/div>\n\t\t\t\t<\/div>\n\t\t\t\t\t<\/div>\n\t\t\t\t<\/div>\n\t\t<div class=\"elementor-element elementor-element-cbec7d4 e-flex e-con-boxed e-con e-parent\" data-id=\"cbec7d4\" data-element_type=\"container\" data-e-type=\"container\">\n\t\t\t\t\t<div class=\"e-con-inner\">\n\t\t<div class=\"elementor-element elementor-element-4619a05 e-con-full e-flex e-con e-child\" data-id=\"4619a05\" data-element_type=\"container\" data-e-type=\"container\">\n\t\t\t\t<div class=\"elementor-element elementor-element-5b07058 elementor-widget elementor-widget-image\" data-id=\"5b07058\" data-element_type=\"widget\" data-e-type=\"widget\" data-widget_type=\"image.default\">\n\t\t\t\t<div class=\"elementor-widget-container\">\n\t\t\t\t\t\t\t\t\t\t\t\t\t\t\t\t<a href=\"https:\/\/www.maacks.com\/en\/vision-og-mission\/\">\n\t\t\t\t\t\t\t<img fetchpriority=\"high\" decoding=\"async\" width=\"800\" height=\"445\" src=\"https:\/\/www.maacks.com\/wp-content\/uploads\/2025\/07\/rape-blossom-502973_1080x600-1024x569.png\" class=\"attachment-large size-large wp-image-5089\" alt=\"\" srcset=\"https:\/\/www.maacks.com\/wp-content\/uploads\/2025\/07\/rape-blossom-502973_1080x600-1024x569.png 1024w, https:\/\/www.maacks.com\/wp-content\/uploads\/2025\/07\/rape-blossom-502973_1080x600-300x167.png 300w, https:\/\/www.maacks.com\/wp-content\/uploads\/2025\/07\/rape-blossom-502973_1080x600-768x427.png 768w, https:\/\/www.maacks.com\/wp-content\/uploads\/2025\/07\/rape-blossom-502973_1080x600-18x10.png 18w, https:\/\/www.maacks.com\/wp-content\/uploads\/2025\/07\/rape-blossom-502973_1080x600.png 1080w\" sizes=\"(max-width: 800px) 100vw, 800px\" \/>\t\t\t\t\t\t\t\t<\/a>\n\t\t\t\t\t\t\t\t\t\t\t\t\t\t\t<\/div>\n\t\t\t\t<\/div>\n\t\t\t\t<\/div>\n\t\t<div class=\"elementor-element elementor-element-38be136 e-con-full e-flex e-con e-child\" data-id=\"38be136\" data-element_type=\"container\" data-e-type=\"container\">\n\t\t\t\t<div class=\"elementor-element elementor-element-b5b6e96 elementor-widget elementor-widget-image\" data-id=\"b5b6e96\" data-element_type=\"widget\" data-e-type=\"widget\" data-widget_type=\"image.default\">\n\t\t\t\t<div class=\"elementor-widget-container\">\n\t\t\t\t\t\t\t\t\t\t\t\t\t\t\t<img decoding=\"async\" width=\"800\" height=\"445\" src=\"https:\/\/www.maacks.com\/wp-content\/uploads\/2025\/07\/Karriere_computer-1024x569.jpg\" class=\"attachment-large size-large wp-image-5090\" alt=\"\" srcset=\"https:\/\/www.maacks.com\/wp-content\/uploads\/2025\/07\/Karriere_computer-1024x569.jpg 1024w, https:\/\/www.maacks.com\/wp-content\/uploads\/2025\/07\/Karriere_computer-300x167.jpg 300w, https:\/\/www.maacks.com\/wp-content\/uploads\/2025\/07\/Karriere_computer-768x427.jpg 768w, https:\/\/www.maacks.com\/wp-content\/uploads\/2025\/07\/Karriere_computer-18x10.jpg 18w, https:\/\/www.maacks.com\/wp-content\/uploads\/2025\/07\/Karriere_computer.jpg 1080w\" sizes=\"(max-width: 800px) 100vw, 800px\" \/>\t\t\t\t\t\t\t\t\t\t\t\t\t\t\t<\/div>\n\t\t\t\t<\/div>\n\t\t\t\t<\/div>\n\t\t<div class=\"elementor-element elementor-element-a89f13a e-con-full e-flex e-con e-child\" data-id=\"a89f13a\" data-element_type=\"container\" data-e-type=\"container\">\n\t\t\t\t<div class=\"elementor-element elementor-element-620d356 elementor-widget elementor-widget-text-editor\" data-id=\"620d356\" data-element_type=\"widget\" data-e-type=\"widget\" data-widget_type=\"text-editor.default\">\n\t\t\t\t<div class=\"elementor-widget-container\">\n\t\t\t\t\t\t\t\t\t<p><strong><a href=\"https:\/\/www.maacks.com\/en\/vision-og-mission\/\">Vision and mission<\/a><\/strong><\/p>\t\t\t\t\t\t\t\t<\/div>\n\t\t\t\t<\/div>\n\t\t\t\t<\/div>\n\t\t<div class=\"elementor-element elementor-element-f43882c e-con-full e-flex e-con e-child\" data-id=\"f43882c\" data-element_type=\"container\" data-e-type=\"container\">\n\t\t\t\t<div class=\"elementor-element elementor-element-f5cdf90 elementor-widget elementor-widget-text-editor\" data-id=\"f5cdf90\" data-element_type=\"widget\" data-e-type=\"widget\" data-widget_type=\"text-editor.default\">\n\t\t\t\t<div class=\"elementor-widget-container\">\n\t\t\t\t\t\t\t\t\t<p><strong>Karriere<\/strong><\/p>\t\t\t\t\t\t\t\t<\/div>\n\t\t\t\t<\/div>\n\t\t\t\t<\/div>\n\t\t\t\t\t<\/div>\n\t\t\t\t<\/div>\n\t\t<div class=\"elementor-element elementor-element-8b6dcf7 e-flex e-con-boxed e-con e-parent\" data-id=\"8b6dcf7\" data-element_type=\"container\" data-e-type=\"container\">\n\t\t\t\t\t<div class=\"e-con-inner\">\n\t\t\t\t<div class=\"elementor-element elementor-element-c82cb1f elementor-widget elementor-widget-spacer\" data-id=\"c82cb1f\" data-element_type=\"widget\" data-e-type=\"widget\" data-widget_type=\"spacer.default\">\n\t\t\t\t<div class=\"elementor-widget-container\">\n\t\t\t\t\t\t\t<div class=\"elementor-spacer\">\n\t\t\t<div class=\"elementor-spacer-inner\"><\/div>\n\t\t<\/div>\n\t\t\t\t\t\t<\/div>\n\t\t\t\t<\/div>\n\t\t\t\t\t<\/div>\n\t\t\t\t<\/div>\n\t\t\t\t<\/div>","protected":false},"excerpt":{"rendered":"<p>Om os M\u00f8d teamet bag Maacks Vi er et passioneret team, der br\u00e6nder for at g\u00f8re en forskel for milj\u00f8et gennem smart affaldsh\u00e5ndtering. Hos os handler det ikke kun om at drive en virksomhed, men ogs\u00e5 om at skabe en positiv indvirkning p\u00e5 vores samfund og klimaet. Vores rejse begyndte med en vision om at [&hellip;]<\/p>\n","protected":false},"author":4,"featured_media":0,"parent":0,"menu_order":0,"comment_status":"closed","ping_status":"closed","template":"","meta":{"footnotes":""},"class_list":["post-5161","page","type-page","status-publish","hentry"],"_links":{"self":[{"href":"https:\/\/www.maacks.com\/en\/wp-json\/wp\/v2\/pages\/5161","targetHints":{"allow":["GET"]}}],"collection":[{"href":"https:\/\/www.maacks.com\/en\/wp-json\/wp\/v2\/pages"}],"about":[{"href":"https:\/\/www.maacks.com\/en\/wp-json\/wp\/v2\/types\/page"}],"author":[{"embeddable":true,"href":"https:\/\/www.maacks.com\/en\/wp-json\/wp\/v2\/users\/4"}],"replies":[{"embeddable":true,"href":"https:\/\/www.maacks.com\/en\/wp-json\/wp\/v2\/comments?post=5161"}],"version-history":[{"count":1,"href":"https:\/\/www.maacks.com\/en\/wp-json\/wp\/v2\/pages\/5161\/revisions"}],"predecessor-version":[{"id":5360,"href":"https:\/\/www.maacks.com\/en\/wp-json\/wp\/v2\/pages\/5161\/revisions\/5360"}],"wp:attachment":[{"href":"https:\/\/www.maacks.com\/en\/wp-json\/wp\/v2\/media?parent=5161"}],"curies":[{"name":"wp","href":"https:\/\/api.w.org\/{rel}","templated":true}]}}