{"id":5193,"date":"2025-07-10T11:58:46","date_gmt":"2025-07-10T09:58:46","guid":{"rendered":"https:\/\/www.maacks.com\/?page_id=5193"},"modified":"2025-07-10T13:43:06","modified_gmt":"2025-07-10T11:43:06","slug":"vision-og-mission","status":"publish","type":"page","link":"https:\/\/www.maacks.com\/de\/vision-og-mission\/","title":{"rendered":"Vision und Mission"},"content":{"rendered":"<div data-elementor-type=\"wp-page\" data-elementor-id=\"5193\" class=\"elementor elementor-5193\" data-elementor-post-type=\"page\">\n\t\t\t\t\t\t<section class=\"elementor-section elementor-top-section elementor-element elementor-element-910a398 elementor-section-height-min-height section elementor-section-stretched elementor-section-full_width elementor-section-content-middle elementor-section-height-default elementor-section-items-middle\" data-id=\"910a398\" data-element_type=\"section\" data-e-type=\"section\" data-settings=\"{&quot;background_background&quot;:&quot;classic&quot;,&quot;stretch_section&quot;:&quot;section-stretched&quot;}\">\n\t\t\t\t\t\t\t<div class=\"elementor-background-overlay\"><\/div>\n\t\t\t\t\t\t\t<div class=\"elementor-container elementor-column-gap-default\">\n\t\t\t\t\t<div class=\"elementor-column elementor-col-100 elementor-top-column elementor-element elementor-element-b777d1f\" data-id=\"b777d1f\" data-element_type=\"column\" data-e-type=\"column\">\n\t\t\t<div class=\"elementor-widget-wrap elementor-element-populated\">\n\t\t\t\t\t\t<div class=\"elementor-element elementor-element-37ef902 elementor-widget__width-initial elementor-widget elementor-widget-heading\" data-id=\"37ef902\" data-element_type=\"widget\" data-e-type=\"widget\" data-widget_type=\"heading.default\">\n\t\t\t\t<div class=\"elementor-widget-container\">\n\t\t\t\t\t<h1 class=\"elementor-heading-title elementor-size-default\">Vision und Mission<\/h1>\t\t\t\t<\/div>\n\t\t\t\t<\/div>\n\t\t\t\t\t<\/div>\n\t\t<\/div>\n\t\t\t\t\t<\/div>\n\t\t<\/section>\n\t\t<div class=\"elementor-element elementor-element-e68e508 e-flex e-con-boxed e-con e-parent\" data-id=\"e68e508\" data-element_type=\"container\" data-e-type=\"container\">\n\t\t\t\t\t<div class=\"e-con-inner\">\n\t\t\t\t<div class=\"elementor-element elementor-element-a95f3cb elementor-widget elementor-widget-spacer\" data-id=\"a95f3cb\" data-element_type=\"widget\" data-e-type=\"widget\" data-widget_type=\"spacer.default\">\n\t\t\t\t<div class=\"elementor-widget-container\">\n\t\t\t\t\t\t\t<div class=\"elementor-spacer\">\n\t\t\t<div class=\"elementor-spacer-inner\"><\/div>\n\t\t<\/div>\n\t\t\t\t\t\t<\/div>\n\t\t\t\t<\/div>\n\t\t\t\t\t<\/div>\n\t\t\t\t<\/div>\n\t\t<div class=\"elementor-element elementor-element-31f1211 e-flex e-con-boxed e-con e-parent\" data-id=\"31f1211\" data-element_type=\"container\" data-e-type=\"container\">\n\t\t\t\t\t<div class=\"e-con-inner\">\n\t\t\t\t<div class=\"elementor-element elementor-element-d23a274 elementor-widget elementor-widget-heading\" data-id=\"d23a274\" data-element_type=\"widget\" data-e-type=\"widget\" data-widget_type=\"heading.default\">\n\t\t\t\t<div class=\"elementor-widget-container\">\n\t\t\t\t\t<h2 class=\"elementor-heading-title elementor-size-default\">Vision<\/h2>\t\t\t\t<\/div>\n\t\t\t\t<\/div>\n\t\t\t\t<div class=\"elementor-element elementor-element-e813f2f elementor-widget elementor-widget-text-editor\" data-id=\"e813f2f\" data-element_type=\"widget\" data-e-type=\"widget\" data-widget_type=\"text-editor.default\">\n\t\t\t\t<div class=\"elementor-widget-container\">\n\t\t\t\t\t\t\t\t\t<p>Wir glauben, dass der Schl\u00fcssel zu einer nachhaltigeren Zukunft darin liegt, das Potenzial der Technologie zu nutzen, um die Art und Weise, wie wir Abf\u00e4lle verwalten, zu optimieren und zu revolutionieren. Daher zielen wir darauf hin, die Umwelt durch intelligenten Einsatz von Daten und Informationen im Abfallmanagement zu verbessern.<\/p>\t\t\t\t\t\t\t\t<\/div>\n\t\t\t\t<\/div>\n\t\t\t\t\t<\/div>\n\t\t\t\t<\/div>\n\t\t<div class=\"elementor-element elementor-element-f657b02 e-flex e-con-boxed e-con e-parent\" data-id=\"f657b02\" data-element_type=\"container\" data-e-type=\"container\">\n\t\t\t\t\t<div class=\"e-con-inner\">\n\t\t\t\t<div class=\"elementor-element elementor-element-c0957a0 elementor-widget elementor-widget-spacer\" data-id=\"c0957a0\" data-element_type=\"widget\" data-e-type=\"widget\" data-widget_type=\"spacer.default\">\n\t\t\t\t<div class=\"elementor-widget-container\">\n\t\t\t\t\t\t\t<div class=\"elementor-spacer\">\n\t\t\t<div class=\"elementor-spacer-inner\"><\/div>\n\t\t<\/div>\n\t\t\t\t\t\t<\/div>\n\t\t\t\t<\/div>\n\t\t\t\t\t<\/div>\n\t\t\t\t<\/div>\n\t\t<div class=\"elementor-element elementor-element-4e30001 e-flex e-con-boxed e-con e-parent\" data-id=\"4e30001\" data-element_type=\"container\" data-e-type=\"container\">\n\t\t\t\t\t<div class=\"e-con-inner\">\n\t\t\t\t<div class=\"elementor-element elementor-element-66b73db elementor-widget elementor-widget-heading\" data-id=\"66b73db\" data-element_type=\"widget\" data-e-type=\"widget\" data-widget_type=\"heading.default\">\n\t\t\t\t<div class=\"elementor-widget-container\">\n\t\t\t\t\t<h2 class=\"elementor-heading-title elementor-size-default\">Mission<\/h2>\t\t\t\t<\/div>\n\t\t\t\t<\/div>\n\t\t\t\t<div class=\"elementor-element elementor-element-b105dbd elementor-widget elementor-widget-text-editor\" data-id=\"b105dbd\" data-element_type=\"widget\" data-e-type=\"widget\" data-widget_type=\"text-editor.default\">\n\t\t\t\t<div class=\"elementor-widget-container\">\n\t\t\t\t\t\t\t\t\t<p>Unsere Mission ist die Entwicklung einer Technologieplattform, die die Betriebskosten unserer Kunden senkt und gleichzeitig zur Verbesserung der Umwelt beitr\u00e4gt.<\/p><p><!-- \/wp:paragraph --><!-- wp:paragraph --><\/p><p>Wir verpflichten uns, innovative L\u00f6sungen anzubieten, die Wirtschaftlichkeit mit Umweltverantwortung vereinen und so die F\u00e4higkeit unserer Kunden st\u00e4rken, effizient und nachhaltiger zu wirtschaften.<\/p>\t\t\t\t\t\t\t\t<\/div>\n\t\t\t\t<\/div>\n\t\t\t\t\t<\/div>\n\t\t\t\t<\/div>\n\t\t<div class=\"elementor-element elementor-element-8d7563a e-flex e-con-boxed e-con e-parent\" data-id=\"8d7563a\" data-element_type=\"container\" data-e-type=\"container\">\n\t\t\t\t\t<div class=\"e-con-inner\">\n\t\t\t\t<div class=\"elementor-element elementor-element-b5e8293 elementor-widget elementor-widget-spacer\" data-id=\"b5e8293\" data-element_type=\"widget\" data-e-type=\"widget\" data-widget_type=\"spacer.default\">\n\t\t\t\t<div class=\"elementor-widget-container\">\n\t\t\t\t\t\t\t<div class=\"elementor-spacer\">\n\t\t\t<div class=\"elementor-spacer-inner\"><\/div>\n\t\t<\/div>\n\t\t\t\t\t\t<\/div>\n\t\t\t\t<\/div>\n\t\t\t\t\t<\/div>\n\t\t\t\t<\/div>\n\t\t<div class=\"elementor-element elementor-element-eb59913 e-flex e-con-boxed e-con e-parent\" data-id=\"eb59913\" data-element_type=\"container\" data-e-type=\"container\">\n\t\t\t\t\t<div class=\"e-con-inner\">\n\t\t\t\t<div class=\"elementor-element elementor-element-40d2bfd elementor-widget elementor-widget-heading\" data-id=\"40d2bfd\" data-element_type=\"widget\" data-e-type=\"widget\" data-widget_type=\"heading.default\">\n\t\t\t\t<div class=\"elementor-widget-container\">\n\t\t\t\t\t<h2 class=\"elementor-heading-title elementor-size-default\">Haltungen<\/h2>\t\t\t\t<\/div>\n\t\t\t\t<\/div>\n\t\t\t\t<div class=\"elementor-element elementor-element-1a3f666 elementor-widget elementor-widget-text-editor\" data-id=\"1a3f666\" data-element_type=\"widget\" data-e-type=\"widget\" data-widget_type=\"text-editor.default\">\n\t\t\t\t<div class=\"elementor-widget-container\">\n\t\t\t\t\t\t\t\t\t<p><strong>Transparenz schafft eine bessere Umwelt<\/strong><\/p><p>Unser Engagement f\u00fcr Transparenz unterst\u00fctzt unsere Vision, die Umwelt durch intelligenten und transparenten Einsatz gesammelter Daten und Informationen zu verbessern. Es stellt sicher, dass Umweltvorteile nicht nur theoretisch, sondern auch praktisch erreichbar und messbar sind. Gleichzeitig basieren die Entscheidungen unserer Kunden zuk\u00fcnftig auf echten Daten.<\/p><p>Wir sind \u00fcberzeugt, dass wir durch Offenheit und Transparenz in unseren Prozessen und Ergebnissen Vertrauen zu unseren Kunden und Partnern aufbauen k\u00f6nnen, was f\u00fcr die Schaffung dauerhafter und effektiver Umweltverbesserungen unverzichtbar ist.<\/p><p>\u00a0<\/p><p><strong>Abfall und Recycling sind Ressourcen<\/strong><\/p><p>Wir betrachten Abfall und Recycling als wertvolle Ressourcen. Dieser Ansatz ist tief in unserer Arbeit verankert, und wir glauben, dass ein erh\u00f6htes Bewusstsein und Verst\u00e4ndnis im Abfallmanagement zu effektiveren Recyclingpraktiken, einer korrekteren Abfallhandtierung zu Hause und damit einer allgemeinen Reduzierung der Abfallproduktion f\u00fchren wird.<\/p><p>Wir erkennen, dass eine korrekte Handhabung und Recycling von Abfallmaterialien entscheidend f\u00fcr die Gesundheit der Umwelt und unsere gemeinsame Zukunft sind. Indem wir Abfall als Ressource anerkennen, konzentrieren wir uns auf die Entwicklung von L\u00f6sungen, die das Optimierungspotenzial maximieren und uns dabei helfen, auf eine sauberere und nachhaltigere Umwelt hinzuarbeiten.<\/p><p>\u00a0<\/p><p><strong>Qualit\u00e4t vor Quantit\u00e4t<\/strong><\/p><p>Qualit\u00e4t vor Quantit\u00e4t ist eine Kernphilosophie unseres Unternehmens, die unsere Vision untermauert, die Umwelt durch intelligente Abfallwirtschaft zu verbessern. Dieser Ansatz stellt sicher, dass wir L\u00f6sungen entwickeln, die nicht nur wirtschaftlich effizient, sondern auch nachhaltig und robust sind. Wir priorisieren langfristigen Wert und Nachhaltigkeit in unseren Produkten und Dienstleistungen, was mit unserer Mission \u00fcbereinstimmt, eine umweltfreundliche und kosteneffiziente Technologieplattform f\u00fcr unsere Kunden zu schaffen.<\/p>\t\t\t\t\t\t\t\t<\/div>\n\t\t\t\t<\/div>\n\t\t\t\t\t<\/div>\n\t\t\t\t<\/div>\n\t\t<div class=\"elementor-element elementor-element-1fb98e6 e-flex e-con-boxed e-con e-parent\" data-id=\"1fb98e6\" data-element_type=\"container\" data-e-type=\"container\">\n\t\t\t\t\t<div class=\"e-con-inner\">\n\t\t\t\t<div class=\"elementor-element elementor-element-cf3c97b elementor-widget elementor-widget-spacer\" data-id=\"cf3c97b\" data-element_type=\"widget\" data-e-type=\"widget\" data-widget_type=\"spacer.default\">\n\t\t\t\t<div class=\"elementor-widget-container\">\n\t\t\t\t\t\t\t<div class=\"elementor-spacer\">\n\t\t\t<div class=\"elementor-spacer-inner\"><\/div>\n\t\t<\/div>\n\t\t\t\t\t\t<\/div>\n\t\t\t\t<\/div>\n\t\t\t\t\t<\/div>\n\t\t\t\t<\/div>\n\t\t\t\t<\/div>","protected":false},"excerpt":{"rendered":"<p>Vision og mission Vision Vi tror, at n\u00f8glen til en mere b\u00e6redygtig fremtid ligger i at udnytte teknologiens potentiale til at optimere og revolutionere m\u00e5den, hvorp\u00e5 vi h\u00e5ndterer affald. Vi vil derfor hj\u00e6lpe med at forbedre milj\u00f8et gennem intelligent brug af data og information inden for affaldsh\u00e5ndtering. Mission Vores mission er at udvikle en teknologiplatform, [&hellip;]<\/p>\n","protected":false},"author":4,"featured_media":0,"parent":0,"menu_order":0,"comment_status":"closed","ping_status":"closed","template":"","meta":{"footnotes":""},"class_list":["post-5193","page","type-page","status-publish","hentry"],"_links":{"self":[{"href":"https:\/\/www.maacks.com\/de\/wp-json\/wp\/v2\/pages\/5193","targetHints":{"allow":["GET"]}}],"collection":[{"href":"https:\/\/www.maacks.com\/de\/wp-json\/wp\/v2\/pages"}],"about":[{"href":"https:\/\/www.maacks.com\/de\/wp-json\/wp\/v2\/types\/page"}],"author":[{"embeddable":true,"href":"https:\/\/www.maacks.com\/de\/wp-json\/wp\/v2\/users\/4"}],"replies":[{"embeddable":true,"href":"https:\/\/www.maacks.com\/de\/wp-json\/wp\/v2\/comments?post=5193"}],"version-history":[{"count":0,"href":"https:\/\/www.maacks.com\/de\/wp-json\/wp\/v2\/pages\/5193\/revisions"}],"wp:attachment":[{"href":"https:\/\/www.maacks.com\/de\/wp-json\/wp\/v2\/media?parent=5193"}],"curies":[{"name":"wp","href":"https:\/\/api.w.org\/{rel}","templated":true}]}}