{"id":1943,"date":"2024-06-03T16:18:38","date_gmt":"2024-06-03T14:18:38","guid":{"rendered":"https:\/\/www.maacks.com\/?page_id=1943"},"modified":"2024-07-10T14:04:40","modified_gmt":"2024-07-10T12:04:40","slug":"cookies","status":"publish","type":"page","link":"https:\/\/www.maacks.com\/de\/cookies\/","title":{"rendered":"Cookies"},"content":{"rendered":"<div data-elementor-type=\"wp-page\" data-elementor-id=\"1943\" class=\"elementor elementor-1943\" data-elementor-post-type=\"page\">\n\t\t\t\t\t\t<section class=\"elementor-section elementor-top-section elementor-element elementor-element-d34b4fe elementor-section-full_width elementor-section-height-default elementor-section-height-default\" data-id=\"d34b4fe\" data-element_type=\"section\" data-e-type=\"section\">\n\t\t\t\t\t\t<div class=\"elementor-container elementor-column-gap-default\">\n\t\t\t\t\t<div class=\"elementor-column elementor-col-100 elementor-top-column elementor-element elementor-element-4b9a93f\" data-id=\"4b9a93f\" data-element_type=\"column\" data-e-type=\"column\">\n\t\t\t<div class=\"elementor-widget-wrap elementor-element-populated\">\n\t\t\t\t\t\t<div class=\"elementor-element elementor-element-0e5eb32 elementor-widget elementor-widget-image\" data-id=\"0e5eb32\" data-element_type=\"widget\" data-e-type=\"widget\" data-widget_type=\"image.default\">\n\t\t\t\t<div class=\"elementor-widget-container\">\n\t\t\t\t\t\t\t\t\t\t\t\t\t\t\t<img fetchpriority=\"high\" decoding=\"async\" width=\"800\" height=\"450\" src=\"https:\/\/www.maacks.com\/wp-content\/uploads\/2024\/06\/iStock-1201896353-1024x576.png\" class=\"attachment-large size-large wp-image-1940\" alt=\"Keks auf Tastatur\" srcset=\"https:\/\/www.maacks.com\/wp-content\/uploads\/2024\/06\/iStock-1201896353-1024x576.png 1024w, https:\/\/www.maacks.com\/wp-content\/uploads\/2024\/06\/iStock-1201896353-300x169.png 300w, https:\/\/www.maacks.com\/wp-content\/uploads\/2024\/06\/iStock-1201896353-768x432.png 768w, https:\/\/www.maacks.com\/wp-content\/uploads\/2024\/06\/iStock-1201896353-18x10.png 18w, https:\/\/www.maacks.com\/wp-content\/uploads\/2024\/06\/iStock-1201896353.png 1366w\" sizes=\"(max-width: 800px) 100vw, 800px\" \/>\t\t\t\t\t\t\t\t\t\t\t\t\t\t\t<\/div>\n\t\t\t\t<\/div>\n\t\t\t\t\t<\/div>\n\t\t<\/div>\n\t\t\t\t\t<\/div>\n\t\t<\/section>\n\t\t\t\t<section class=\"elementor-section elementor-top-section elementor-element elementor-element-edcf8b1 elementor-section-boxed elementor-section-height-default elementor-section-height-default\" data-id=\"edcf8b1\" data-element_type=\"section\" data-e-type=\"section\">\n\t\t\t\t\t\t<div class=\"elementor-container elementor-column-gap-default\">\n\t\t\t\t\t<div class=\"elementor-column elementor-col-100 elementor-top-column elementor-element elementor-element-82f9462\" data-id=\"82f9462\" data-element_type=\"column\" data-e-type=\"column\">\n\t\t\t<div class=\"elementor-widget-wrap elementor-element-populated\">\n\t\t\t\t\t\t<div class=\"elementor-element elementor-element-fd135fa elementor-widget elementor-widget-spacer\" data-id=\"fd135fa\" data-element_type=\"widget\" data-e-type=\"widget\" data-widget_type=\"spacer.default\">\n\t\t\t\t<div class=\"elementor-widget-container\">\n\t\t\t\t\t\t\t<div class=\"elementor-spacer\">\n\t\t\t<div class=\"elementor-spacer-inner\"><\/div>\n\t\t<\/div>\n\t\t\t\t\t\t<\/div>\n\t\t\t\t<\/div>\n\t\t\t\t\t<\/div>\n\t\t<\/div>\n\t\t\t\t\t<\/div>\n\t\t<\/section>\n\t\t\t\t<section class=\"elementor-section elementor-top-section elementor-element elementor-element-6f0ecb8 elementor-section-boxed elementor-section-height-default elementor-section-height-default\" data-id=\"6f0ecb8\" data-element_type=\"section\" data-e-type=\"section\">\n\t\t\t\t\t\t<div class=\"elementor-container elementor-column-gap-default\">\n\t\t\t\t\t<div class=\"elementor-column elementor-col-100 elementor-top-column elementor-element elementor-element-f89bad6\" data-id=\"f89bad6\" data-element_type=\"column\" data-e-type=\"column\">\n\t\t\t<div class=\"elementor-widget-wrap elementor-element-populated\">\n\t\t\t\t\t\t<div class=\"elementor-element elementor-element-fdfee2b elementor-widget elementor-widget-heading\" data-id=\"fdfee2b\" data-element_type=\"widget\" data-e-type=\"widget\" data-widget_type=\"heading.default\">\n\t\t\t\t<div class=\"elementor-widget-container\">\n\t\t\t\t\t<h2 class=\"elementor-heading-title elementor-size-default\">Cookie-Richtlinie f\u00fcr www.maacks.com<\/h2>\t\t\t\t<\/div>\n\t\t\t\t<\/div>\n\t\t\t\t<div class=\"elementor-element elementor-element-fb44714 elementor-widget elementor-widget-spacer\" data-id=\"fb44714\" data-element_type=\"widget\" data-e-type=\"widget\" data-widget_type=\"spacer.default\">\n\t\t\t\t<div class=\"elementor-widget-container\">\n\t\t\t\t\t\t\t<div class=\"elementor-spacer\">\n\t\t\t<div class=\"elementor-spacer-inner\"><\/div>\n\t\t<\/div>\n\t\t\t\t\t\t<\/div>\n\t\t\t\t<\/div>\n\t\t\t\t<div class=\"elementor-element elementor-element-b05c0e3 elementor-widget elementor-widget-accordion\" data-id=\"b05c0e3\" data-element_type=\"widget\" data-e-type=\"widget\" data-widget_type=\"accordion.default\">\n\t\t\t\t<div class=\"elementor-widget-container\">\n\t\t\t\t\t\t\t<div class=\"elementor-accordion\">\n\t\t\t\t\t\t\t<div class=\"elementor-accordion-item\">\n\t\t\t\t\t<div id=\"elementor-tab-title-1841\" class=\"elementor-tab-title\" data-tab=\"1\" role=\"button\" aria-controls=\"elementor-tab-content-1841\" aria-expanded=\"false\">\n\t\t\t\t\t\t\t\t\t\t\t\t\t<span class=\"elementor-accordion-icon elementor-accordion-icon-left\" aria-hidden=\"true\">\n\t\t\t\t\t\t\t\t\t\t\t\t\t\t\t<span class=\"elementor-accordion-icon-closed\"><i class=\"fas fa-plus\"><\/i><\/span>\n\t\t\t\t\t\t\t\t<span class=\"elementor-accordion-icon-opened\"><i class=\"fas fa-minus\"><\/i><\/span>\n\t\t\t\t\t\t\t\t\t\t\t\t\t\t<\/span>\n\t\t\t\t\t\t\t\t\t\t\t\t<a class=\"elementor-accordion-title\" tabindex=\"0\">1. Einleitung<\/a>\n\t\t\t\t\t<\/div>\n\t\t\t\t\t<div id=\"elementor-tab-content-1841\" class=\"elementor-tab-content elementor-clearfix\" data-tab=\"1\" role=\"region\" aria-labelledby=\"elementor-tab-title-1841\"><p>Denne cookiepolitik (&#8220;politikken&#8221;) beskriver, hvordan Maacks ApS (\u00b4Maacks\u00b4, \u00b4vi\u00b4, \u00b4os\u00b4, \u00b4vores\u00b4) bruger cookies og lignende teknologier p\u00e5 vores hjemmeside www.maacks.com<\/p><p>Indem Sie unsere Website nutzen, stimmen Sie dieser Richtlinie zu. Das bedeutet, dass Sie der Verwendung von Cookies und \u00e4hnlichen Technologien auf unserer Website zustimmen. Wenn Sie dieser Richtlinie nicht zustimmen, sollten Sie unsere Website nicht nutzen.<\/p><\/div>\n\t\t\t\t<\/div>\n\t\t\t\t\t\t\t<div class=\"elementor-accordion-item\">\n\t\t\t\t\t<div id=\"elementor-tab-title-1842\" class=\"elementor-tab-title\" data-tab=\"2\" role=\"button\" aria-controls=\"elementor-tab-content-1842\" aria-expanded=\"false\">\n\t\t\t\t\t\t\t\t\t\t\t\t\t<span class=\"elementor-accordion-icon elementor-accordion-icon-left\" aria-hidden=\"true\">\n\t\t\t\t\t\t\t\t\t\t\t\t\t\t\t<span class=\"elementor-accordion-icon-closed\"><i class=\"fas fa-plus\"><\/i><\/span>\n\t\t\t\t\t\t\t\t<span class=\"elementor-accordion-icon-opened\"><i class=\"fas fa-minus\"><\/i><\/span>\n\t\t\t\t\t\t\t\t\t\t\t\t\t\t<\/span>\n\t\t\t\t\t\t\t\t\t\t\t\t<a class=\"elementor-accordion-title\" tabindex=\"0\">2. Was sind Cookies?<\/a>\n\t\t\t\t\t<\/div>\n\t\t\t\t\t<div id=\"elementor-tab-content-1842\" class=\"elementor-tab-content elementor-clearfix\" data-tab=\"2\" role=\"region\" aria-labelledby=\"elementor-tab-title-1842\"><p>Cookies sind kleine Textdateien, die von unserer Website auf Ihrem Computer oder Mobilger\u00e4t gespeichert werden. Sie erm\u00f6glichen es uns, Ihr Ger\u00e4t zu erkennen und Ihre Einstellungen und andere Informationen zu speichern, wenn Sie unsere Website besuchen.<\/p><\/div>\n\t\t\t\t<\/div>\n\t\t\t\t\t\t\t<div class=\"elementor-accordion-item\">\n\t\t\t\t\t<div id=\"elementor-tab-title-1843\" class=\"elementor-tab-title\" data-tab=\"3\" role=\"button\" aria-controls=\"elementor-tab-content-1843\" aria-expanded=\"false\">\n\t\t\t\t\t\t\t\t\t\t\t\t\t<span class=\"elementor-accordion-icon elementor-accordion-icon-left\" aria-hidden=\"true\">\n\t\t\t\t\t\t\t\t\t\t\t\t\t\t\t<span class=\"elementor-accordion-icon-closed\"><i class=\"fas fa-plus\"><\/i><\/span>\n\t\t\t\t\t\t\t\t<span class=\"elementor-accordion-icon-opened\"><i class=\"fas fa-minus\"><\/i><\/span>\n\t\t\t\t\t\t\t\t\t\t\t\t\t\t<\/span>\n\t\t\t\t\t\t\t\t\t\t\t\t<a class=\"elementor-accordion-title\" tabindex=\"0\">3. Welche Arten von Cookies verwenden wir?<\/a>\n\t\t\t\t\t<\/div>\n\t\t\t\t\t<div id=\"elementor-tab-content-1843\" class=\"elementor-tab-content elementor-clearfix\" data-tab=\"3\" role=\"region\" aria-labelledby=\"elementor-tab-title-1843\"><p>Wir verwenden folgende Arten von Cookies auf unserer Website:<\/p><ul><li><strong>Notwendige Cookies<br \/><\/strong>Diese Cookies sind f\u00fcr die ordnungsgem\u00e4\u00dfe Funktion unserer Website erforderlich. Sie erm\u00f6glichen Ihnen beispielsweise die Anmeldung in sicheren Bereichen oder den Kauf von Produkten.<\/li><li><strong>Funktionscookies<br \/><\/strong>Diese Cookies verbessern Ihre Erfahrung auf unserer Website, indem sie sich Ihre Pr\u00e4ferenzen merken, z. B. Spracheinstellungen oder Schriftgr\u00f6\u00dfe.<\/li><li><strong>Leistungs-Cookies<br \/><\/strong>Diese Cookies sammeln Informationen dar\u00fcber, wie Sie unsere Website nutzen, z. B. welche Seiten Sie besuchen und wie lange Sie auf jeder Seite verbringen. Diese Informationen werden verwendet, um unsere Website zu verbessern und sie benutzerfreundlicher zu gestalten.<\/li><li><strong>Marketing Cookies<br \/><\/strong>Diese Cookies werden verwendet, um Ihnen gezielte Werbung anzuzeigen, die f\u00fcr Ihre Interessen relevant ist.<\/li><li><strong>Analytics cookies<br \/><\/strong>Diese Cookies werden verwendet, um Ihnen gezielte Werbung anzuzeigen, die f\u00fcr Ihre Interessen relevant ist.<\/li><\/ul><\/div>\n\t\t\t\t<\/div>\n\t\t\t\t\t\t\t<div class=\"elementor-accordion-item\">\n\t\t\t\t\t<div id=\"elementor-tab-title-1844\" class=\"elementor-tab-title\" data-tab=\"4\" role=\"button\" aria-controls=\"elementor-tab-content-1844\" aria-expanded=\"false\">\n\t\t\t\t\t\t\t\t\t\t\t\t\t<span class=\"elementor-accordion-icon elementor-accordion-icon-left\" aria-hidden=\"true\">\n\t\t\t\t\t\t\t\t\t\t\t\t\t\t\t<span class=\"elementor-accordion-icon-closed\"><i class=\"fas fa-plus\"><\/i><\/span>\n\t\t\t\t\t\t\t\t<span class=\"elementor-accordion-icon-opened\"><i class=\"fas fa-minus\"><\/i><\/span>\n\t\t\t\t\t\t\t\t\t\t\t\t\t\t<\/span>\n\t\t\t\t\t\t\t\t\t\t\t\t<a class=\"elementor-accordion-title\" tabindex=\"0\">4. Cookie\u00fcbersicht<\/a>\n\t\t\t\t\t<\/div>\n\t\t\t\t\t<div id=\"elementor-tab-content-1844\" class=\"elementor-tab-content elementor-clearfix\" data-tab=\"4\" role=\"region\" aria-labelledby=\"elementor-tab-title-1844\"><p><strong>Notwendige Cookies bei maacks.com:<\/strong><\/p><ol><li><strong>Elementor:<\/strong> Dieses Cookie wird von WordPress-basierten Website-Themes verwendet. Es erm\u00f6glicht dem Websitebesitzer, Website-Inhalte in Echtzeit zu implementieren oder zu \u00e4ndern.<br \/>Dauer: Niemals<\/li><li><strong>wpEmojiSettingsSupports:<\/strong> WordPress setzt dieses Cookie, wenn ein Benutzer auf einer WordPress-Website mit Emojis interagiert. Es hilft dabei festzustellen, ob der Browser des Benutzers Emojis korrekt anzeigen kann.<br \/>Dauer: Session<\/li><li style=\"font-size: 16px;\"><span style=\"font-weight: bolder;\">cookieyes-consent:<\/span> CookieYes setzt dieses Cookie, um die Zustimmungseinstellungen der Benutzer zu speichern, damit ihre Pr\u00e4ferenzen bei sp\u00e4teren Besuchen dieser Website ber\u00fccksichtigt werden. Es sammelt oder speichert keine personenbezogenen Daten der Website-Besucher.<br \/>Dauer: 1 Jahr<\/li><\/ol><p><strong>Funktionscookies bei maacks.com: <\/strong><\/p><ol><li><strong>trp_language:<\/strong> Das TranslatePress-Plugin setzt dieses Cookie, um die vom Benutzer gew\u00e4hlte Sprache f\u00fcr den n\u00e4chsten Besuch zu speichern.<br \/>Dauer: 1 Monat<\/li><\/ol><p><strong>Leistungs-Cookies bei maacks.com: Keine<\/strong><\/p><p><strong>Marketing-Cookies bei maacks.com: Keine<\/strong><\/p><p><strong>Analytics cookies bei maacks.com:<\/strong><\/p><ol><li><strong>_ga_*:<\/strong> Google Analytics setzt dieses Cookie, um Seitenaufrufe auf der Website zu speichern und zu z\u00e4hlen.<br \/>Dauer: 1 Jahr, 4 Monate und 4 Tage<\/li><li><strong>_ga: <\/strong>Google Analytics setzt dieses Cookie, um Daten \u00fcber Besucher, Sitzungen und Kampagnen zu berechnen. Das Cookie verfolgt auch die Nutzung der Website f\u00fcr den Analysebericht der Website. Das Cookie speichert Informationen anonym und weist eine zuf\u00e4llig generierte Nummer zu, um eindeutige Besucher zu identifizieren.<br \/>Dauer: 1 Jahr, 4 Monate und 4 Tage<\/li><li><strong>_hjSessionUser_*:<\/strong> Hotjar setzt dieses Cookie, um sicherzustellen, dass Daten von nachfolgenden Besuchen derselben Website derselben Benutzer-ID zugeordnet werden, die im Hotjar-Benutzer-ID fortbesteht, das f\u00fcr diese Website eindeutig ist.<br \/>Dauer: 1 Jahr<\/li><li><strong>_hjSession_*:<\/strong> Hotjar setzt dieses Cookie, um sicherzustellen, dass Daten von nachfolgenden Besuchen derselben Website derselben Benutzer-ID zugeordnet werden, die im Hotjar-Benutzer-ID fortbesteht, das f\u00fcr diese Website eindeutig ist.<br \/>Dauer: 1 Stunde<\/li><li><strong>_hjTLDTest:<\/strong> Um den allgemeinsten Cookie-Pfad zu ermitteln, der anstelle des Hostnamens der Seite verwendet werden muss, setzt Hotjar den Cookie _hjTLDTest, um verschiedene URL Substring-Alternativen zu speichern, bis er fehlschl\u00e4gt.<br \/>Dauer: Session<\/li><\/ol><\/div>\n\t\t\t\t<\/div>\n\t\t\t\t\t\t\t<div class=\"elementor-accordion-item\">\n\t\t\t\t\t<div id=\"elementor-tab-title-1845\" class=\"elementor-tab-title\" data-tab=\"5\" role=\"button\" aria-controls=\"elementor-tab-content-1845\" aria-expanded=\"false\">\n\t\t\t\t\t\t\t\t\t\t\t\t\t<span class=\"elementor-accordion-icon elementor-accordion-icon-left\" aria-hidden=\"true\">\n\t\t\t\t\t\t\t\t\t\t\t\t\t\t\t<span class=\"elementor-accordion-icon-closed\"><i class=\"fas fa-plus\"><\/i><\/span>\n\t\t\t\t\t\t\t\t<span class=\"elementor-accordion-icon-opened\"><i class=\"fas fa-minus\"><\/i><\/span>\n\t\t\t\t\t\t\t\t\t\t\t\t\t\t<\/span>\n\t\t\t\t\t\t\t\t\t\t\t\t<a class=\"elementor-accordion-title\" tabindex=\"0\">5. So kontrollieren Sie Cookies:<\/a>\n\t\t\t\t\t<\/div>\n\t\t\t\t\t<div id=\"elementor-tab-content-1845\" class=\"elementor-tab-content elementor-clearfix\" data-tab=\"5\" role=\"region\" aria-labelledby=\"elementor-tab-title-1845\"><p>Sie k\u00f6nnen kontrollieren, welche Cookies auf unserer Website verwendet werden, indem Sie Ihre Einstellungen in Ihrem Webbrowser \u00e4ndern. Die meisten Browser erm\u00f6glichen es Ihnen, alle Cookies zu blockieren, nur Cookies von Erstanbietern oder nur Cookies von Websites zu akzeptieren, die Sie besuchen. Sie k\u00f6nnen auch Cookies l\u00f6schen, die bereits auf Ihrem Computer oder mobilen Einheit gespeichert sind.<\/p><p>Bitte beachten Sie, dass das Blockieren aller Cookies die Nutzung einiger Funktionen auf unserer Website beeintr\u00e4chtigen kann.<\/p><\/div>\n\t\t\t\t<\/div>\n\t\t\t\t\t\t\t<div class=\"elementor-accordion-item\">\n\t\t\t\t\t<div id=\"elementor-tab-title-1846\" class=\"elementor-tab-title\" data-tab=\"6\" role=\"button\" aria-controls=\"elementor-tab-content-1846\" aria-expanded=\"false\">\n\t\t\t\t\t\t\t\t\t\t\t\t\t<span class=\"elementor-accordion-icon elementor-accordion-icon-left\" aria-hidden=\"true\">\n\t\t\t\t\t\t\t\t\t\t\t\t\t\t\t<span class=\"elementor-accordion-icon-closed\"><i class=\"fas fa-plus\"><\/i><\/span>\n\t\t\t\t\t\t\t\t<span class=\"elementor-accordion-icon-opened\"><i class=\"fas fa-minus\"><\/i><\/span>\n\t\t\t\t\t\t\t\t\t\t\t\t\t\t<\/span>\n\t\t\t\t\t\t\t\t\t\t\t\t<a class=\"elementor-accordion-title\" tabindex=\"0\">6. \u00c4nderungen dieser Richtlinie<\/a>\n\t\t\t\t\t<\/div>\n\t\t\t\t\t<div id=\"elementor-tab-content-1846\" class=\"elementor-tab-content elementor-clearfix\" data-tab=\"6\" role=\"region\" aria-labelledby=\"elementor-tab-title-1846\"><p>Wir k\u00f6nnen diese Richtlinie von Zeit zu Zeit \u00e4ndern. Alle \u00c4nderungen dieser Richtlinie werden auf unserer Website ver\u00f6ffentlicht.<\/p><p>Wir empfehlen Ihnen, unsere Website regelm\u00e4\u00dfig zu besuchen, um die neuesten Informationen zu unserer Cookie-Richtlinie zu erhalten.<\/p><\/div>\n\t\t\t\t<\/div>\n\t\t\t\t\t\t\t<div class=\"elementor-accordion-item\">\n\t\t\t\t\t<div id=\"elementor-tab-title-1847\" class=\"elementor-tab-title\" data-tab=\"7\" role=\"button\" aria-controls=\"elementor-tab-content-1847\" aria-expanded=\"false\">\n\t\t\t\t\t\t\t\t\t\t\t\t\t<span class=\"elementor-accordion-icon elementor-accordion-icon-left\" aria-hidden=\"true\">\n\t\t\t\t\t\t\t\t\t\t\t\t\t\t\t<span class=\"elementor-accordion-icon-closed\"><i class=\"fas fa-plus\"><\/i><\/span>\n\t\t\t\t\t\t\t\t<span class=\"elementor-accordion-icon-opened\"><i class=\"fas fa-minus\"><\/i><\/span>\n\t\t\t\t\t\t\t\t\t\t\t\t\t\t<\/span>\n\t\t\t\t\t\t\t\t\t\t\t\t<a class=\"elementor-accordion-title\" tabindex=\"0\">7. Informationen zum Unternehmen<\/a>\n\t\t\t\t\t<\/div>\n\t\t\t\t\t<div id=\"elementor-tab-content-1847\" class=\"elementor-tab-content elementor-clearfix\" data-tab=\"7\" role=\"region\" aria-labelledby=\"elementor-tab-title-1847\"><p><strong>Maacks ApS<\/strong><br \/>Elleg\u00e5rdvej 25C, 1. tv<br \/>DK-6400 S\u00f8nderborg, Danmark<\/p><p>www.maacks.com<br \/>E-mail: info@maacks.com<br \/>Telefon: +45 42 43 60 00 oder +49 (160) 97 08 33 47<\/p><p>CVR-nr.: DK-34211868<\/p><\/div>\n\t\t\t\t<\/div>\n\t\t\t\t\t\t\t<div class=\"elementor-accordion-item\">\n\t\t\t\t\t<div id=\"elementor-tab-title-1848\" class=\"elementor-tab-title\" data-tab=\"8\" role=\"button\" aria-controls=\"elementor-tab-content-1848\" aria-expanded=\"false\">\n\t\t\t\t\t\t\t\t\t\t\t\t\t<span class=\"elementor-accordion-icon elementor-accordion-icon-left\" aria-hidden=\"true\">\n\t\t\t\t\t\t\t\t\t\t\t\t\t\t\t<span class=\"elementor-accordion-icon-closed\"><i class=\"fas fa-plus\"><\/i><\/span>\n\t\t\t\t\t\t\t\t<span class=\"elementor-accordion-icon-opened\"><i class=\"fas fa-minus\"><\/i><\/span>\n\t\t\t\t\t\t\t\t\t\t\t\t\t\t<\/span>\n\t\t\t\t\t\t\t\t\t\t\t\t<a class=\"elementor-accordion-title\" tabindex=\"0\">8. Wer sind wir?<\/a>\n\t\t\t\t\t<\/div>\n\t\t\t\t\t<div id=\"elementor-tab-content-1848\" class=\"elementor-tab-content elementor-clearfix\" data-tab=\"8\" role=\"region\" aria-labelledby=\"elementor-tab-title-1848\"><p>Maacks ApS ist ein d\u00e4nisches Technologie- und Softwareunternehmen, das sich seit \u00fcber 14 Jahren auf die Digitalisierung der Abfallwirtschaft spezialisiert hat. Das Unternehmen mit Hauptsitz in S\u00f8nderborg, D\u00e4nemark, ist f\u00fchrend auf dem d\u00e4nischen Markt f\u00fcr Smart-Sensor-Technologie und die zugeh\u00f6rige webbasierte Software - BrainyBins\u00ae - zur \u00dcberwachung und Verwaltung \u00f6ffentlicher Abfallbeh\u00e4lter und Container auf Recyclingh\u00f6fen.<\/p><\/div>\n\t\t\t\t<\/div>\n\t\t\t\t\t\t\t<div class=\"elementor-accordion-item\">\n\t\t\t\t\t<div id=\"elementor-tab-title-1849\" class=\"elementor-tab-title\" data-tab=\"9\" role=\"button\" aria-controls=\"elementor-tab-content-1849\" aria-expanded=\"false\">\n\t\t\t\t\t\t\t\t\t\t\t\t\t<span class=\"elementor-accordion-icon elementor-accordion-icon-left\" aria-hidden=\"true\">\n\t\t\t\t\t\t\t\t\t\t\t\t\t\t\t<span class=\"elementor-accordion-icon-closed\"><i class=\"fas fa-plus\"><\/i><\/span>\n\t\t\t\t\t\t\t\t<span class=\"elementor-accordion-icon-opened\"><i class=\"fas fa-minus\"><\/i><\/span>\n\t\t\t\t\t\t\t\t\t\t\t\t\t\t<\/span>\n\t\t\t\t\t\t\t\t\t\t\t\t<a class=\"elementor-accordion-title\" tabindex=\"0\">9. Kontaktieren Sie uns<\/a>\n\t\t\t\t\t<\/div>\n\t\t\t\t\t<div id=\"elementor-tab-content-1849\" class=\"elementor-tab-content elementor-clearfix\" data-tab=\"9\" role=\"region\" aria-labelledby=\"elementor-tab-title-1849\"><p>Wenn Sie Fragen zu dieser Richtlinie haben, wenden Sie sich bitte an uns via:<\/p><p>E-mail: marketing@maacks.com oder <br \/>Telefon +45 42 43 60 00 oder +49 (160) 97 08 33 47<\/p><\/div>\n\t\t\t\t<\/div>\n\t\t\t\t\t\t\t<div class=\"elementor-accordion-item\">\n\t\t\t\t\t<div id=\"elementor-tab-title-18410\" class=\"elementor-tab-title\" data-tab=\"10\" role=\"button\" aria-controls=\"elementor-tab-content-18410\" aria-expanded=\"false\">\n\t\t\t\t\t\t\t\t\t\t\t\t\t<span class=\"elementor-accordion-icon elementor-accordion-icon-left\" aria-hidden=\"true\">\n\t\t\t\t\t\t\t\t\t\t\t\t\t\t\t<span class=\"elementor-accordion-icon-closed\"><i class=\"fas fa-plus\"><\/i><\/span>\n\t\t\t\t\t\t\t\t<span class=\"elementor-accordion-icon-opened\"><i class=\"fas fa-minus\"><\/i><\/span>\n\t\t\t\t\t\t\t\t\t\t\t\t\t\t<\/span>\n\t\t\t\t\t\t\t\t\t\t\t\t<a class=\"elementor-accordion-title\" tabindex=\"0\">10. Zuletzt aktualisiert<\/a>\n\t\t\t\t\t<\/div>\n\t\t\t\t\t<div id=\"elementor-tab-content-18410\" class=\"elementor-tab-content elementor-clearfix\" data-tab=\"10\" role=\"region\" aria-labelledby=\"elementor-tab-title-18410\"><p>03. Juni 2024_mba<\/p><\/div>\n\t\t\t\t<\/div>\n\t\t\t\t\t\t\t\t<\/div>\n\t\t\t\t\t\t<\/div>\n\t\t\t\t<\/div>\n\t\t\t\t\t<\/div>\n\t\t<\/div>\n\t\t\t\t\t<\/div>\n\t\t<\/section>\n\t\t\t\t<section class=\"elementor-section elementor-top-section elementor-element elementor-element-11ad276 elementor-section-boxed elementor-section-height-default elementor-section-height-default\" data-id=\"11ad276\" data-element_type=\"section\" data-e-type=\"section\">\n\t\t\t\t\t\t<div class=\"elementor-container elementor-column-gap-default\">\n\t\t\t\t\t<div class=\"elementor-column elementor-col-100 elementor-top-column elementor-element elementor-element-d38c207\" data-id=\"d38c207\" data-element_type=\"column\" data-e-type=\"column\">\n\t\t\t<div class=\"elementor-widget-wrap elementor-element-populated\">\n\t\t\t\t\t\t<div class=\"elementor-element elementor-element-073798e elementor-widget elementor-widget-spacer\" data-id=\"073798e\" data-element_type=\"widget\" data-e-type=\"widget\" data-widget_type=\"spacer.default\">\n\t\t\t\t<div class=\"elementor-widget-container\">\n\t\t\t\t\t\t\t<div class=\"elementor-spacer\">\n\t\t\t<div class=\"elementor-spacer-inner\"><\/div>\n\t\t<\/div>\n\t\t\t\t\t\t<\/div>\n\t\t\t\t<\/div>\n\t\t\t\t\t<\/div>\n\t\t<\/div>\n\t\t\t\t\t<\/div>\n\t\t<\/section>\n\t\t\t\t<\/div>","protected":false},"excerpt":{"rendered":"<p>Cookiepolitik for www.maacks.com 1. Introduktion Denne cookiepolitik (&#8220;politikken&#8221;) beskriver, hvordan Maacks ApS (\u00b4Maacks\u00b4, \u00b4vi\u00b4, \u00b4os\u00b4, \u00b4vores\u00b4) bruger cookies og lignende teknologier p\u00e5 vores hjemmeside www.maacks.com Ved at bruge vores hjemmeside accepterer du at v\u00e6re underlagt denne politik. 2. Hvad er cookies? Cookies er sm\u00e5 tekstfiler, der gemmes p\u00e5 din computer eller mobile enhed af vores [&hellip;]<\/p>\n","protected":false},"author":2,"featured_media":1940,"parent":0,"menu_order":0,"comment_status":"closed","ping_status":"closed","template":"elementor_header_footer","meta":{"footnotes":""},"class_list":["post-1943","page","type-page","status-publish","has-post-thumbnail","hentry"],"_links":{"self":[{"href":"https:\/\/www.maacks.com\/de\/wp-json\/wp\/v2\/pages\/1943","targetHints":{"allow":["GET"]}}],"collection":[{"href":"https:\/\/www.maacks.com\/de\/wp-json\/wp\/v2\/pages"}],"about":[{"href":"https:\/\/www.maacks.com\/de\/wp-json\/wp\/v2\/types\/page"}],"author":[{"embeddable":true,"href":"https:\/\/www.maacks.com\/de\/wp-json\/wp\/v2\/users\/2"}],"replies":[{"embeddable":true,"href":"https:\/\/www.maacks.com\/de\/wp-json\/wp\/v2\/comments?post=1943"}],"version-history":[{"count":0,"href":"https:\/\/www.maacks.com\/de\/wp-json\/wp\/v2\/pages\/1943\/revisions"}],"wp:featuredmedia":[{"embeddable":true,"href":"https:\/\/www.maacks.com\/de\/wp-json\/wp\/v2\/media\/1940"}],"wp:attachment":[{"href":"https:\/\/www.maacks.com\/de\/wp-json\/wp\/v2\/media?parent=1943"}],"curies":[{"name":"wp","href":"https:\/\/api.w.org\/{rel}","templated":true}]}}