{"id":5193,"date":"2025-07-10T11:58:46","date_gmt":"2025-07-10T09:58:46","guid":{"rendered":"https:\/\/www.maacks.com\/?page_id=5193"},"modified":"2025-07-10T13:43:06","modified_gmt":"2025-07-10T11:43:06","slug":"vision-og-mission","status":"publish","type":"page","link":"https:\/\/www.maacks.com\/da_dk\/vision-og-mission\/","title":{"rendered":"Vision og mission"},"content":{"rendered":"\t\t<div data-elementor-type=\"wp-page\" data-elementor-id=\"5193\" class=\"elementor elementor-5193\" data-elementor-post-type=\"page\">\n\t\t\t\t\t\t<section class=\"elementor-section elementor-top-section elementor-element elementor-element-910a398 elementor-section-height-min-height section elementor-section-stretched elementor-section-full_width elementor-section-content-middle elementor-section-height-default elementor-section-items-middle\" data-id=\"910a398\" data-element_type=\"section\" data-e-type=\"section\" data-settings=\"{&quot;background_background&quot;:&quot;classic&quot;,&quot;stretch_section&quot;:&quot;section-stretched&quot;}\">\n\t\t\t\t\t\t\t<div class=\"elementor-background-overlay\"><\/div>\n\t\t\t\t\t\t\t<div class=\"elementor-container elementor-column-gap-default\">\n\t\t\t\t\t<div class=\"elementor-column elementor-col-100 elementor-top-column elementor-element elementor-element-b777d1f\" data-id=\"b777d1f\" data-element_type=\"column\" data-e-type=\"column\">\n\t\t\t<div class=\"elementor-widget-wrap elementor-element-populated\">\n\t\t\t\t\t\t<div class=\"elementor-element elementor-element-37ef902 elementor-widget__width-initial elementor-widget elementor-widget-heading\" data-id=\"37ef902\" data-element_type=\"widget\" data-e-type=\"widget\" data-widget_type=\"heading.default\">\n\t\t\t\t<div class=\"elementor-widget-container\">\n\t\t\t\t\t<h1 class=\"elementor-heading-title elementor-size-default\">Vision og mission<\/h1>\t\t\t\t<\/div>\n\t\t\t\t<\/div>\n\t\t\t\t\t<\/div>\n\t\t<\/div>\n\t\t\t\t\t<\/div>\n\t\t<\/section>\n\t\t<div class=\"elementor-element elementor-element-e68e508 e-flex e-con-boxed e-con e-parent\" data-id=\"e68e508\" data-element_type=\"container\" data-e-type=\"container\">\n\t\t\t\t\t<div class=\"e-con-inner\">\n\t\t\t\t<div class=\"elementor-element elementor-element-a95f3cb elementor-widget elementor-widget-spacer\" data-id=\"a95f3cb\" data-element_type=\"widget\" data-e-type=\"widget\" data-widget_type=\"spacer.default\">\n\t\t\t\t<div class=\"elementor-widget-container\">\n\t\t\t\t\t\t\t<div class=\"elementor-spacer\">\n\t\t\t<div class=\"elementor-spacer-inner\"><\/div>\n\t\t<\/div>\n\t\t\t\t\t\t<\/div>\n\t\t\t\t<\/div>\n\t\t\t\t\t<\/div>\n\t\t\t\t<\/div>\n\t\t<div class=\"elementor-element elementor-element-31f1211 e-flex e-con-boxed e-con e-parent\" data-id=\"31f1211\" data-element_type=\"container\" data-e-type=\"container\">\n\t\t\t\t\t<div class=\"e-con-inner\">\n\t\t\t\t<div class=\"elementor-element elementor-element-d23a274 elementor-widget elementor-widget-heading\" data-id=\"d23a274\" data-element_type=\"widget\" data-e-type=\"widget\" data-widget_type=\"heading.default\">\n\t\t\t\t<div class=\"elementor-widget-container\">\n\t\t\t\t\t<h2 class=\"elementor-heading-title elementor-size-default\">Vision<\/h2>\t\t\t\t<\/div>\n\t\t\t\t<\/div>\n\t\t\t\t<div class=\"elementor-element elementor-element-e813f2f elementor-widget elementor-widget-text-editor\" data-id=\"e813f2f\" data-element_type=\"widget\" data-e-type=\"widget\" data-widget_type=\"text-editor.default\">\n\t\t\t\t<div class=\"elementor-widget-container\">\n\t\t\t\t\t\t\t\t\t<p>Vi tror, at n\u00f8glen til en mere b\u00e6redygtig fremtid ligger i at udnytte teknologiens potentiale til at optimere og revolutionere m\u00e5den, hvorp\u00e5 vi h\u00e5ndterer affald. Vi vil derfor hj\u00e6lpe med at forbedre milj\u00f8et gennem intelligent brug af data og information inden for affaldsh\u00e5ndtering.<\/p>\t\t\t\t\t\t\t\t<\/div>\n\t\t\t\t<\/div>\n\t\t\t\t\t<\/div>\n\t\t\t\t<\/div>\n\t\t<div class=\"elementor-element elementor-element-f657b02 e-flex e-con-boxed e-con e-parent\" data-id=\"f657b02\" data-element_type=\"container\" data-e-type=\"container\">\n\t\t\t\t\t<div class=\"e-con-inner\">\n\t\t\t\t<div class=\"elementor-element elementor-element-c0957a0 elementor-widget elementor-widget-spacer\" data-id=\"c0957a0\" data-element_type=\"widget\" data-e-type=\"widget\" data-widget_type=\"spacer.default\">\n\t\t\t\t<div class=\"elementor-widget-container\">\n\t\t\t\t\t\t\t<div class=\"elementor-spacer\">\n\t\t\t<div class=\"elementor-spacer-inner\"><\/div>\n\t\t<\/div>\n\t\t\t\t\t\t<\/div>\n\t\t\t\t<\/div>\n\t\t\t\t\t<\/div>\n\t\t\t\t<\/div>\n\t\t<div class=\"elementor-element elementor-element-4e30001 e-flex e-con-boxed e-con e-parent\" data-id=\"4e30001\" data-element_type=\"container\" data-e-type=\"container\">\n\t\t\t\t\t<div class=\"e-con-inner\">\n\t\t\t\t<div class=\"elementor-element elementor-element-66b73db elementor-widget elementor-widget-heading\" data-id=\"66b73db\" data-element_type=\"widget\" data-e-type=\"widget\" data-widget_type=\"heading.default\">\n\t\t\t\t<div class=\"elementor-widget-container\">\n\t\t\t\t\t<h2 class=\"elementor-heading-title elementor-size-default\">Mission<\/h2>\t\t\t\t<\/div>\n\t\t\t\t<\/div>\n\t\t\t\t<div class=\"elementor-element elementor-element-b105dbd elementor-widget elementor-widget-text-editor\" data-id=\"b105dbd\" data-element_type=\"widget\" data-e-type=\"widget\" data-widget_type=\"text-editor.default\">\n\t\t\t\t<div class=\"elementor-widget-container\">\n\t\t\t\t\t\t\t\t\t<p>Vores mission er at udvikle en teknologiplatform, der b\u00e5de reducerer vores kunders driftsomkostninger og bidrager samtidig til forbedringen af milj\u00f8et.<\/p><p><!-- \/wp:paragraph --><!-- wp:paragraph --><\/p><p>Vi er dedikerede til at levere innovative l\u00f8sninger, der forener \u00f8konomisk effektivitet med milj\u00f8m\u00e6ssig ansvarlighed, og derigennem styrke vores kunders evne til at operere effektivt og mere b\u00e6redygtigt.<\/p>\t\t\t\t\t\t\t\t<\/div>\n\t\t\t\t<\/div>\n\t\t\t\t\t<\/div>\n\t\t\t\t<\/div>\n\t\t<div class=\"elementor-element elementor-element-8d7563a e-flex e-con-boxed e-con e-parent\" data-id=\"8d7563a\" data-element_type=\"container\" data-e-type=\"container\">\n\t\t\t\t\t<div class=\"e-con-inner\">\n\t\t\t\t<div class=\"elementor-element elementor-element-b5e8293 elementor-widget elementor-widget-spacer\" data-id=\"b5e8293\" data-element_type=\"widget\" data-e-type=\"widget\" data-widget_type=\"spacer.default\">\n\t\t\t\t<div class=\"elementor-widget-container\">\n\t\t\t\t\t\t\t<div class=\"elementor-spacer\">\n\t\t\t<div class=\"elementor-spacer-inner\"><\/div>\n\t\t<\/div>\n\t\t\t\t\t\t<\/div>\n\t\t\t\t<\/div>\n\t\t\t\t\t<\/div>\n\t\t\t\t<\/div>\n\t\t<div class=\"elementor-element elementor-element-eb59913 e-flex e-con-boxed e-con e-parent\" data-id=\"eb59913\" data-element_type=\"container\" data-e-type=\"container\">\n\t\t\t\t\t<div class=\"e-con-inner\">\n\t\t\t\t<div class=\"elementor-element elementor-element-40d2bfd elementor-widget elementor-widget-heading\" data-id=\"40d2bfd\" data-element_type=\"widget\" data-e-type=\"widget\" data-widget_type=\"heading.default\">\n\t\t\t\t<div class=\"elementor-widget-container\">\n\t\t\t\t\t<h2 class=\"elementor-heading-title elementor-size-default\">Holdninger<\/h2>\t\t\t\t<\/div>\n\t\t\t\t<\/div>\n\t\t\t\t<div class=\"elementor-element elementor-element-1a3f666 elementor-widget elementor-widget-text-editor\" data-id=\"1a3f666\" data-element_type=\"widget\" data-e-type=\"widget\" data-widget_type=\"text-editor.default\">\n\t\t\t\t<div class=\"elementor-widget-container\">\n\t\t\t\t\t\t\t\t\t<p><strong>Gennemskuelighed skaber et bedre milj\u00f8<\/strong><\/p><p>Vores forpligtelse til gennemskuelighed underst\u00f8tter vores vision om at forbedre milj\u00f8et gennem intelligent og transparent brug af indsamlede data og informationer. Dette sikrer, at milj\u00f8m\u00e6ssige fordele ikke kun er teoretiske, men praktisk realiserbare og m\u00e5lbare. Samtidig bliver vores kunders beslutninger fremtidigt truffet p\u00e5 baggrund af reelle data.<\/p><p>Vi tror p\u00e5, at ved at v\u00e6re \u00e5bne og transparente i vores processer og resultater, kan vi opbygge tillid til vores kunder og samarbejdspartnere, hvilket er altafg\u00f8rende for at skabe varige og effektive milj\u00f8forbedringer.<\/p><p>\u00a0<\/p><p><strong>Affald og genbrug er en ressource<\/strong><\/p><p>Affald og genbrug betragter vi som en v\u00e6rdifuld ressource. Denne tilgang er dybt integreret i vores arbejde og vi mener, at en for\u00f8get bevidsthed og forst\u00e5else i affaldsh\u00e5ndteringen vil lede til mere effektive genbrugspraksisser, en mere korrekt affaldsh\u00e5ndtering hjemmefra og dermed en generel reduktion i affaldsproduktionen.<\/p><p>Vi anerkender, at korrekt h\u00e5ndtering og genanvendelse af affaldsmaterialer er afg\u00f8rende for milj\u00f8ets sundhed og vores f\u00e6lles fremtid. Ved at se affald som en ressource fokuserer vi p\u00e5 at udvikle l\u00f8sninger, der maksimerer optimeringspotentialet, som hj\u00e6lper os med at arbejde hen imod et renere og mere b\u00e6redygtigt milj\u00f8.<\/p><p>\u00a0<\/p><p><strong>Kvalitet frem for kvantitet<\/strong><\/p><p>Kvalitet frem for kvantitet er en kernefilosofi i vores virksomhed, der underst\u00f8tter vores vision om at forbedre milj\u00f8et gennem intelligent affaldsh\u00e5ndtering. Denne tilgang sikrer, at vi udvikler l\u00f8sninger, der ikke kun er \u00f8konomisk effektive, men ogs\u00e5 b\u00e6redygtige og robuste. Vi prioriterer langvarig v\u00e6rdi og b\u00e6redygtighed i vores produkter og tjenester, hvilket resonerer med vores mission om at skabe en milj\u00f8venlig og kosteffektiv teknologiplatform til vores kunder.<\/p>\t\t\t\t\t\t\t\t<\/div>\n\t\t\t\t<\/div>\n\t\t\t\t\t<\/div>\n\t\t\t\t<\/div>\n\t\t<div class=\"elementor-element elementor-element-1fb98e6 e-flex e-con-boxed e-con e-parent\" data-id=\"1fb98e6\" data-element_type=\"container\" data-e-type=\"container\">\n\t\t\t\t\t<div class=\"e-con-inner\">\n\t\t\t\t<div class=\"elementor-element elementor-element-cf3c97b elementor-widget elementor-widget-spacer\" data-id=\"cf3c97b\" data-element_type=\"widget\" data-e-type=\"widget\" data-widget_type=\"spacer.default\">\n\t\t\t\t<div class=\"elementor-widget-container\">\n\t\t\t\t\t\t\t<div class=\"elementor-spacer\">\n\t\t\t<div class=\"elementor-spacer-inner\"><\/div>\n\t\t<\/div>\n\t\t\t\t\t\t<\/div>\n\t\t\t\t<\/div>\n\t\t\t\t\t<\/div>\n\t\t\t\t<\/div>\n\t\t\t\t<\/div>\n\t\t","protected":false},"excerpt":{"rendered":"<p>Vision og mission Vision Vi tror, at n\u00f8glen til en mere b\u00e6redygtig fremtid ligger i at udnytte teknologiens potentiale til at optimere og revolutionere m\u00e5den, hvorp\u00e5 vi h\u00e5ndterer affald. Vi vil derfor hj\u00e6lpe med at forbedre milj\u00f8et gennem intelligent brug af data og information inden for affaldsh\u00e5ndtering. Mission Vores mission er at udvikle en teknologiplatform, [&hellip;]<\/p>\n","protected":false},"author":4,"featured_media":0,"parent":0,"menu_order":0,"comment_status":"closed","ping_status":"closed","template":"","meta":{"footnotes":""},"class_list":["post-5193","page","type-page","status-publish","hentry"],"_links":{"self":[{"href":"https:\/\/www.maacks.com\/da_dk\/wp-json\/wp\/v2\/pages\/5193","targetHints":{"allow":["GET"]}}],"collection":[{"href":"https:\/\/www.maacks.com\/da_dk\/wp-json\/wp\/v2\/pages"}],"about":[{"href":"https:\/\/www.maacks.com\/da_dk\/wp-json\/wp\/v2\/types\/page"}],"author":[{"embeddable":true,"href":"https:\/\/www.maacks.com\/da_dk\/wp-json\/wp\/v2\/users\/4"}],"replies":[{"embeddable":true,"href":"https:\/\/www.maacks.com\/da_dk\/wp-json\/wp\/v2\/comments?post=5193"}],"version-history":[{"count":0,"href":"https:\/\/www.maacks.com\/da_dk\/wp-json\/wp\/v2\/pages\/5193\/revisions"}],"wp:attachment":[{"href":"https:\/\/www.maacks.com\/da_dk\/wp-json\/wp\/v2\/media?parent=5193"}],"curies":[{"name":"wp","href":"https:\/\/api.w.org\/{rel}","templated":true}]}}